{"id":1381,"date":"2024-01-12T15:34:35","date_gmt":"2024-01-12T15:34:35","guid":{"rendered":"https:\/\/salonedelvermouth.com\/?page_id=1381"},"modified":"2026-02-12T14:12:42","modified_gmt":"2026-02-12T14:12:42","slug":"somewhere-turin","status":"publish","type":"page","link":"https:\/\/salonedelvermouth.com\/en\/somewhere-turin\/","title":{"rendered":"Somewhere Turin"},"content":{"rendered":"<div data-elementor-type=\"wp-page\" data-elementor-id=\"1381\" class=\"elementor elementor-1381\" data-elementor-post-type=\"page\">\n\t\t\t\t<div class=\"elementor-element elementor-element-2cb4342 e-flex e-con-boxed e-con e-parent\" data-id=\"2cb4342\" data-element_type=\"container\" data-settings=\"{&quot;background_background&quot;:&quot;classic&quot;}\">\n\t\t\t\t\t<div class=\"e-con-inner\">\n\t\t\t\t<div class=\"elementor-element elementor-element-249dfaf elementor-widget__width-initial elementor-widget elementor-widget-image\" data-id=\"249dfaf\" data-element_type=\"widget\" data-widget_type=\"image.default\">\n\t\t\t\t<div class=\"elementor-widget-container\">\n\t\t\t\t\t\t\t\t\t\t\t\t\t\t\t<img fetchpriority=\"high\" decoding=\"async\" width=\"512\" height=\"512\" src=\"https:\/\/salonedelvermouth.com\/wp-content\/uploads\/2025\/02\/somewhere-logo.jpg\" class=\"attachment-full size-full wp-image-2929\" alt=\"Somewhere Turin\" srcset=\"https:\/\/salonedelvermouth.com\/wp-content\/uploads\/2025\/02\/somewhere-logo.jpg 512w, https:\/\/salonedelvermouth.com\/wp-content\/uploads\/2025\/02\/somewhere-logo-300x300.jpg 300w, https:\/\/salonedelvermouth.com\/wp-content\/uploads\/2025\/02\/somewhere-logo-150x150.jpg 150w, https:\/\/salonedelvermouth.com\/wp-content\/uploads\/2025\/02\/somewhere-logo-12x12.jpg 12w\" sizes=\"(max-width: 512px) 100vw, 512px\" \/>\t\t\t\t\t\t\t\t\t\t\t\t\t\t\t<\/div>\n\t\t\t\t<\/div>\n\t\t\t\t\t<\/div>\n\t\t\t\t<\/div>\n\t\t<div class=\"elementor-element elementor-element-23c318e e-con-full e-flex e-con e-parent\" data-id=\"23c318e\" data-element_type=\"container\">\n\t\t<div class=\"elementor-element elementor-element-b8a9e89 e-con-full e-flex e-con e-child\" data-id=\"b8a9e89\" data-element_type=\"container\" data-settings=\"{&quot;background_background&quot;:&quot;classic&quot;}\">\n\t\t\t\t<div class=\"elementor-element elementor-element-13503f1 e-transform elementor-widget elementor-widget-text-editor\" data-id=\"13503f1\" data-element_type=\"widget\" data-settings=\"{&quot;_transform_translateY_effect&quot;:{&quot;unit&quot;:&quot;px&quot;,&quot;size&quot;:10,&quot;sizes&quot;:[]},&quot;_transform_translateX_effect&quot;:{&quot;unit&quot;:&quot;px&quot;,&quot;size&quot;:&quot;&quot;,&quot;sizes&quot;:[]},&quot;_transform_translateX_effect_widescreen&quot;:{&quot;unit&quot;:&quot;px&quot;,&quot;size&quot;:&quot;&quot;,&quot;sizes&quot;:[]},&quot;_transform_translateX_effect_tablet&quot;:{&quot;unit&quot;:&quot;px&quot;,&quot;size&quot;:&quot;&quot;,&quot;sizes&quot;:[]},&quot;_transform_translateX_effect_mobile&quot;:{&quot;unit&quot;:&quot;px&quot;,&quot;size&quot;:&quot;&quot;,&quot;sizes&quot;:[]},&quot;_transform_translateY_effect_widescreen&quot;:{&quot;unit&quot;:&quot;px&quot;,&quot;size&quot;:&quot;&quot;,&quot;sizes&quot;:[]},&quot;_transform_translateY_effect_tablet&quot;:{&quot;unit&quot;:&quot;px&quot;,&quot;size&quot;:&quot;&quot;,&quot;sizes&quot;:[]},&quot;_transform_translateY_effect_mobile&quot;:{&quot;unit&quot;:&quot;px&quot;,&quot;size&quot;:&quot;&quot;,&quot;sizes&quot;:[]}}\" data-widget_type=\"text-editor.default\">\n\t\t\t\t<div class=\"elementor-widget-container\">\n\t\t\t\t\t\t\t\t\t<p>dal 16.02 al 22.02<\/p>\t\t\t\t\t\t\t\t<\/div>\n\t\t\t\t<\/div>\n\t\t\t\t<div class=\"elementor-element elementor-element-4e8b9bc elementor-widget__width-auto elementor-widget elementor-widget-heading\" data-id=\"4e8b9bc\" data-element_type=\"widget\" data-widget_type=\"heading.default\">\n\t\t\t\t<div class=\"elementor-widget-container\">\n\t\t\t\t\t<h1 class=\"elementor-heading-title elementor-size-default\">Somewhere Tour &amp; Events<\/h1>\t\t\t\t<\/div>\n\t\t\t\t<\/div>\n\t\t\t\t<div class=\"elementor-element elementor-element-33b6e20 e-transform elementor-widget elementor-widget-text-editor\" data-id=\"33b6e20\" data-element_type=\"widget\" data-settings=\"{&quot;_transform_translateY_effect&quot;:{&quot;unit&quot;:&quot;px&quot;,&quot;size&quot;:10,&quot;sizes&quot;:[]},&quot;_transform_translateX_effect&quot;:{&quot;unit&quot;:&quot;px&quot;,&quot;size&quot;:&quot;&quot;,&quot;sizes&quot;:[]},&quot;_transform_translateX_effect_widescreen&quot;:{&quot;unit&quot;:&quot;px&quot;,&quot;size&quot;:&quot;&quot;,&quot;sizes&quot;:[]},&quot;_transform_translateX_effect_tablet&quot;:{&quot;unit&quot;:&quot;px&quot;,&quot;size&quot;:&quot;&quot;,&quot;sizes&quot;:[]},&quot;_transform_translateX_effect_mobile&quot;:{&quot;unit&quot;:&quot;px&quot;,&quot;size&quot;:&quot;&quot;,&quot;sizes&quot;:[]},&quot;_transform_translateY_effect_widescreen&quot;:{&quot;unit&quot;:&quot;px&quot;,&quot;size&quot;:&quot;&quot;,&quot;sizes&quot;:[]},&quot;_transform_translateY_effect_tablet&quot;:{&quot;unit&quot;:&quot;px&quot;,&quot;size&quot;:&quot;&quot;,&quot;sizes&quot;:[]},&quot;_transform_translateY_effect_mobile&quot;:{&quot;unit&quot;:&quot;px&quot;,&quot;size&quot;:&quot;&quot;,&quot;sizes&quot;:[]}}\" data-widget_type=\"text-editor.default\">\n\t\t\t\t<div class=\"elementor-widget-container\">\n\t\t\t\t\t\t\t\t\t<p>Special Vermouth Show<\/p>\t\t\t\t\t\t\t\t<\/div>\n\t\t\t\t<\/div>\n\t\t\t\t<\/div>\n\t\t<div class=\"elementor-element elementor-element-c9cf6b2 e-con-full e-flex e-con e-child\" data-id=\"c9cf6b2\" data-element_type=\"container\">\n\t\t\t\t<div class=\"elementor-element elementor-element-e6c01b4 elementor-widget-mobile__width-inherit elementor-widget-tablet__width-inherit elementor-widget elementor-widget-text-editor\" data-id=\"e6c01b4\" data-element_type=\"widget\" data-widget_type=\"text-editor.default\">\n\t\t\t\t<div class=\"elementor-widget-container\">\n\t\t\t\t\t\t\t\t\t<p>Somewhere \u00e8 orgogliosa di collaborare con il Salone del Vermouth per far scoprire a clienti e viaggiatori un\u2019eccellenza Made in Turin.<\/p><p>Che siate amanti della storia, della magia, del gusto o semplicemente curiosi di scoprire Torino in modo originale, c&#8217;\u00e8 un tour perfetto per voi. Dal fascino del bus cabrio alle atmosfere regali di Palazzo Reale, dalle leggende esoteriche alle delizie gastronomiche&#8230; ogni esperienza \u00e8 un brindisi alla bellezza della nostra citt\u00e0!<\/p><p>Il fil rouge? Un bicchiere di vermouth che racconta storie di tradizione, eleganza e creativit\u00e0 torinese. Perch\u00e9 Torino non \u00e8 solo la patria del vermouth: \u00e8 il vermouth!\u00a0<\/p><p>Pronti a tuffarvi in queste avventure? Scorrete qui sotto e scegliete il vostro tour preferito. E ricordate: a Torino, ogni momento \u00e8 buono per un aperitivo!\u00a0<\/p>\t\t\t\t\t\t\t\t<\/div>\n\t\t\t\t<\/div>\n\t\t\t\t<div class=\"elementor-element elementor-element-8ba9bdc elementor-align-right elementor-widget elementor-widget-button\" data-id=\"8ba9bdc\" data-element_type=\"widget\" data-widget_type=\"button.default\">\n\t\t\t\t<div class=\"elementor-widget-container\">\n\t\t\t\t\t\t\t\t\t<div class=\"elementor-button-wrapper\">\n\t\t\t\t\t<a class=\"elementor-button elementor-button-link elementor-size-sm\" href=\"https:\/\/www.somewhere.it\/salone-del-vermouth-2026\" target=\"_blank\">\n\t\t\t\t\t\t<span class=\"elementor-button-content-wrapper\">\n\t\t\t\t\t\t\t\t\t<span class=\"elementor-button-text\">Buy Now<\/span>\n\t\t\t\t\t<\/span>\n\t\t\t\t\t<\/a>\n\t\t\t\t<\/div>\n\t\t\t\t\t\t\t\t<\/div>\n\t\t\t\t<\/div>\n\t\t\t\t<\/div>\n\t\t\t\t<\/div>\n\t\t<div class=\"elementor-element elementor-element-e6c3023 e-flex e-con-boxed e-con e-parent\" data-id=\"e6c3023\" data-element_type=\"container\" data-settings=\"{&quot;background_background&quot;:&quot;classic&quot;}\">\n\t\t\t\t\t<div class=\"e-con-inner\">\n\t\t<div class=\"elementor-element elementor-element-8d224b4 e-con-full e-flex e-con e-child\" data-id=\"8d224b4\" data-element_type=\"container\">\n\t\t\t\t<div class=\"elementor-element elementor-element-c727f34 elementor-widget elementor-widget-image\" data-id=\"c727f34\" data-element_type=\"widget\" data-widget_type=\"image.default\">\n\t\t\t\t<div class=\"elementor-widget-container\">\n\t\t\t\t\t\t\t\t\t\t\t\t\t\t\t\t<a href=\"\" target=\"_blank\">\n\t\t\t\t\t\t\t<img decoding=\"async\" width=\"800\" height=\"800\" src=\"https:\/\/salonedelvermouth.com\/wp-content\/uploads\/2025\/02\/Salone-del-vermouth-1024x1024.webp\" class=\"attachment-large size-large wp-image-6339\" alt=\"Salone del vermouth 2026\" srcset=\"https:\/\/salonedelvermouth.com\/wp-content\/uploads\/2025\/02\/Salone-del-vermouth-1024x1024.webp 1024w, https:\/\/salonedelvermouth.com\/wp-content\/uploads\/2025\/02\/Salone-del-vermouth-300x300.webp 300w, https:\/\/salonedelvermouth.com\/wp-content\/uploads\/2025\/02\/Salone-del-vermouth-150x150.webp 150w, https:\/\/salonedelvermouth.com\/wp-content\/uploads\/2025\/02\/Salone-del-vermouth-768x767.webp 768w, https:\/\/salonedelvermouth.com\/wp-content\/uploads\/2025\/02\/Salone-del-vermouth-12x12.webp 12w, https:\/\/salonedelvermouth.com\/wp-content\/uploads\/2025\/02\/Salone-del-vermouth.webp 1280w\" sizes=\"(max-width: 800px) 100vw, 800px\" \/>\t\t\t\t\t\t\t\t<\/a>\n\t\t\t\t\t\t\t\t\t\t\t\t\t\t\t<\/div>\n\t\t\t\t<\/div>\n\t\t\t\t<\/div>\n\t\t<div class=\"elementor-element elementor-element-0f22ddb e-flex e-con-boxed e-con e-child\" data-id=\"0f22ddb\" data-element_type=\"container\">\n\t\t\t\t\t<div class=\"e-con-inner\">\n\t\t\t\t<div class=\"elementor-element elementor-element-8062bcd elementor-widget elementor-widget-heading\" data-id=\"8062bcd\" data-element_type=\"widget\" data-widget_type=\"heading.default\">\n\t\t\t\t<div class=\"elementor-widget-container\">\n\t\t\t\t\t<h3 class=\"elementor-heading-title elementor-size-default\">event<\/h3>\t\t\t\t<\/div>\n\t\t\t\t<\/div>\n\t\t\t\t<div class=\"elementor-element elementor-element-0630311 elementor-widget elementor-widget-heading\" data-id=\"0630311\" data-element_type=\"widget\" data-widget_type=\"heading.default\">\n\t\t\t\t<div class=\"elementor-widget-container\">\n\t\t\t\t\t<h2 class=\"elementor-heading-title elementor-size-default\">Vermouth Hall<\/h2>\t\t\t\t<\/div>\n\t\t\t\t<\/div>\n\t\t\t\t<div class=\"elementor-element elementor-element-ee6132d elementor-widget elementor-widget-spacer\" data-id=\"ee6132d\" data-element_type=\"widget\" data-widget_type=\"spacer.default\">\n\t\t\t\t<div class=\"elementor-widget-container\">\n\t\t\t\t\t\t\t<div class=\"elementor-spacer\">\n\t\t\t<div class=\"elementor-spacer-inner\"><\/div>\n\t\t<\/div>\n\t\t\t\t\t\t<\/div>\n\t\t\t\t<\/div>\n\t\t\t\t<div class=\"elementor-element elementor-element-b6ba349 elementor-widget__width-auto elementor-widget-mobile__width-inherit elementor-widget elementor-widget-text-editor\" data-id=\"b6ba349\" data-element_type=\"widget\" data-widget_type=\"text-editor.default\">\n\t\t\t\t<div class=\"elementor-widget-container\">\n\t\t\t\t\t\t\t\t\t<p>Sabato 21 e Domenica 22 Febbraio dalle 11:00 alle 20:00, ti aspettiamo al Museo del Risorgimento per la seconda edizione del Salone del Vermouth. La sede della kermesse sar\u00e0 il Museo Nazionale del Risorgimento Italiano, all\u2019interno di Palazzo Carignano, nel cuore della citt\u00e0, in Piazza Carlo Alberto.<\/p>\t\t\t\t\t\t\t\t<\/div>\n\t\t\t\t<\/div>\n\t\t\t\t<div class=\"elementor-element elementor-element-9816e11 elementor-align-right elementor-widget elementor-widget-button\" data-id=\"9816e11\" data-element_type=\"widget\" data-widget_type=\"button.default\">\n\t\t\t\t<div class=\"elementor-widget-container\">\n\t\t\t\t\t\t\t\t\t<div class=\"elementor-button-wrapper\">\n\t\t\t\t\t<a class=\"elementor-button elementor-button-link elementor-size-sm\" href=\"https:\/\/salonedelvermouth.com\/en\/salone-del-vermouth-2026\/\" target=\"_blank\">\n\t\t\t\t\t\t<span class=\"elementor-button-content-wrapper\">\n\t\t\t\t\t\t\t\t\t<span class=\"elementor-button-text\">Buy Now<\/span>\n\t\t\t\t\t<\/span>\n\t\t\t\t\t<\/a>\n\t\t\t\t<\/div>\n\t\t\t\t\t\t\t\t<\/div>\n\t\t\t\t<\/div>\n\t\t\t\t<div class=\"elementor-element elementor-element-28479a6 elementor-widget elementor-widget-spacer\" data-id=\"28479a6\" data-element_type=\"widget\" data-widget_type=\"spacer.default\">\n\t\t\t\t<div class=\"elementor-widget-container\">\n\t\t\t\t\t\t\t<div class=\"elementor-spacer\">\n\t\t\t<div class=\"elementor-spacer-inner\"><\/div>\n\t\t<\/div>\n\t\t\t\t\t\t<\/div>\n\t\t\t\t<\/div>\n\t\t\t\t\t<\/div>\n\t\t\t\t<\/div>\n\t\t\t\t\t<\/div>\n\t\t\t\t<\/div>\n\t\t\t\t<\/div>","protected":false},"excerpt":{"rendered":"<p>dal 16.02 al 22.02 Somewhere Tour &amp; Events Speciale salone del Vermouth Somewhere \u00e8 orgogliosa di collaborare con il Salone del Vermouth per far scoprire a clienti e viaggiatori un\u2019eccellenza Made in Turin. Che siate amanti della storia, della magia, del gusto o semplicemente curiosi di scoprire Torino in modo originale, c&#8217;\u00e8 un tour perfetto [&hellip;]<\/p>","protected":false},"author":1,"featured_media":2672,"parent":0,"menu_order":28,"comment_status":"closed","ping_status":"closed","template":"","meta":{"_acf_changed":false,"footnotes":""},"class_list":["post-1381","page","type-page","status-publish","has-post-thumbnail","hentry"],"acf":[],"yoast_head":"<!-- This site is optimized with the Yoast SEO plugin v26.5 - https:\/\/yoast.com\/wordpress\/plugins\/seo\/ -->\n<title>Somewhere Torino - Fuori Salone del Vermouth<\/title>\n<meta name=\"description\" content=\"Associazione Culturale dedicata alla lettura e ai suoi amanti, il Circolo dei lettori \u00e8 un punto di riferimento culturale a Torino.\" \/>\n<meta name=\"robots\" content=\"index, follow, max-snippet:-1, max-image-preview:large, max-video-preview:-1\" \/>\n<link rel=\"canonical\" href=\"https:\/\/salonedelvermouth.com\/en\/somewhere-turin\/\" \/>\n<meta property=\"og:locale\" content=\"en_GB\" \/>\n<meta property=\"og:type\" content=\"article\" \/>\n<meta property=\"og:title\" content=\"Somewhere Torino - Fuori Salone del Vermouth\" \/>\n<meta property=\"og:description\" content=\"Associazione Culturale dedicata alla lettura e ai suoi amanti, il Circolo dei lettori \u00e8 un punto di riferimento culturale a Torino.\" \/>\n<meta property=\"og:url\" content=\"https:\/\/salonedelvermouth.com\/en\/somewhere-turin\/\" \/>\n<meta property=\"og:site_name\" content=\"Salone del Vermouth\" \/>\n<meta property=\"article:publisher\" content=\"https:\/\/www.facebook.com\/salonedelvermouth\" \/>\n<meta property=\"article:modified_time\" content=\"2026-02-12T14:12:42+00:00\" \/>\n<meta property=\"og:image\" content=\"https:\/\/salonedelvermouth.com\/wp-content\/uploads\/2024\/02\/piazza-castello-torino.webp\" \/>\n\t<meta property=\"og:image:width\" content=\"1920\" \/>\n\t<meta property=\"og:image:height\" content=\"952\" \/>\n\t<meta property=\"og:image:type\" content=\"image\/webp\" \/>\n<meta name=\"twitter:card\" content=\"summary_large_image\" \/>\n<meta name=\"twitter:label1\" content=\"Estimated reading time\" \/>\n\t<meta name=\"twitter:data1\" content=\"2 minutes\" \/>\n<script type=\"application\/ld+json\" class=\"yoast-schema-graph\">{\"@context\":\"https:\/\/schema.org\",\"@graph\":[{\"@type\":\"WebPage\",\"@id\":\"https:\/\/salonedelvermouth.com\/somewhere-torino\/\",\"url\":\"https:\/\/salonedelvermouth.com\/somewhere-torino\/\",\"name\":\"Somewhere Torino - Fuori Salone del Vermouth\",\"isPartOf\":{\"@id\":\"https:\/\/salonedelvermouth.com\/#website\"},\"primaryImageOfPage\":{\"@id\":\"https:\/\/salonedelvermouth.com\/somewhere-torino\/#primaryimage\"},\"image\":{\"@id\":\"https:\/\/salonedelvermouth.com\/somewhere-torino\/#primaryimage\"},\"thumbnailUrl\":\"https:\/\/salonedelvermouth.com\/wp-content\/uploads\/2024\/02\/piazza-castello-torino.webp\",\"datePublished\":\"2024-01-12T15:34:35+00:00\",\"dateModified\":\"2026-02-12T14:12:42+00:00\",\"description\":\"Associazione Culturale dedicata alla lettura e ai suoi amanti, il Circolo dei lettori \u00e8 un punto di riferimento culturale a Torino.\",\"breadcrumb\":{\"@id\":\"https:\/\/salonedelvermouth.com\/somewhere-torino\/#breadcrumb\"},\"inLanguage\":\"en-GB\",\"potentialAction\":[{\"@type\":\"ReadAction\",\"target\":[\"https:\/\/salonedelvermouth.com\/somewhere-torino\/\"]}]},{\"@type\":\"ImageObject\",\"inLanguage\":\"en-GB\",\"@id\":\"https:\/\/salonedelvermouth.com\/somewhere-torino\/#primaryimage\",\"url\":\"https:\/\/salonedelvermouth.com\/wp-content\/uploads\/2024\/02\/piazza-castello-torino.webp\",\"contentUrl\":\"https:\/\/salonedelvermouth.com\/wp-content\/uploads\/2024\/02\/piazza-castello-torino.webp\",\"width\":1920,\"height\":952,\"caption\":\"Piazza Castello Torino\"},{\"@type\":\"BreadcrumbList\",\"@id\":\"https:\/\/salonedelvermouth.com\/somewhere-torino\/#breadcrumb\",\"itemListElement\":[{\"@type\":\"ListItem\",\"position\":1,\"name\":\"Home\",\"item\":\"https:\/\/salonedelvermouth.com\/\"},{\"@type\":\"ListItem\",\"position\":2,\"name\":\"Somewhere Torino\"}]},{\"@type\":\"WebSite\",\"@id\":\"https:\/\/salonedelvermouth.com\/#website\",\"url\":\"https:\/\/salonedelvermouth.com\/\",\"name\":\"Salone del Vermouth\",\"description\":\"Il primo evento diffuso dedicato interamente al vermouth\",\"publisher\":{\"@id\":\"https:\/\/salonedelvermouth.com\/#organization\"},\"potentialAction\":[{\"@type\":\"SearchAction\",\"target\":{\"@type\":\"EntryPoint\",\"urlTemplate\":\"https:\/\/salonedelvermouth.com\/?s={search_term_string}\"},\"query-input\":{\"@type\":\"PropertyValueSpecification\",\"valueRequired\":true,\"valueName\":\"search_term_string\"}}],\"inLanguage\":\"en-GB\"},{\"@type\":\"Organization\",\"@id\":\"https:\/\/salonedelvermouth.com\/#organization\",\"name\":\"24 - 25 febbraio 2024\",\"url\":\"https:\/\/salonedelvermouth.com\/\",\"logo\":{\"@type\":\"ImageObject\",\"inLanguage\":\"en-GB\",\"@id\":\"https:\/\/salonedelvermouth.com\/#\/schema\/logo\/image\/\",\"url\":\"https:\/\/salonedelvermouth.com\/wp-content\/uploads\/2023\/12\/logo_salone-vermouth.png\",\"contentUrl\":\"https:\/\/salonedelvermouth.com\/wp-content\/uploads\/2023\/12\/logo_salone-vermouth.png\",\"width\":512,\"height\":450,\"caption\":\"24 - 25 febbraio 2024\"},\"image\":{\"@id\":\"https:\/\/salonedelvermouth.com\/#\/schema\/logo\/image\/\"},\"sameAs\":[\"https:\/\/www.facebook.com\/salonedelvermouth\",\"https:\/\/www.instagram.com\/salonedelvermouth\/\"]}]}<\/script>\n<!-- \/ Yoast SEO plugin. -->","yoast_head_json":{"title":"Somewhere Torino - Fuori Salone del Vermouth","description":"A cultural association dedicated to reading and its lovers, the Circolo dei lettori is a cultural reference point in Turin.","robots":{"index":"index","follow":"follow","max-snippet":"max-snippet:-1","max-image-preview":"max-image-preview:large","max-video-preview":"max-video-preview:-1"},"canonical":"https:\/\/salonedelvermouth.com\/en\/somewhere-turin\/","og_locale":"en_GB","og_type":"article","og_title":"Somewhere Torino - Fuori Salone del Vermouth","og_description":"Associazione Culturale dedicata alla lettura e ai suoi amanti, il Circolo dei lettori \u00e8 un punto di riferimento culturale a Torino.","og_url":"https:\/\/salonedelvermouth.com\/en\/somewhere-turin\/","og_site_name":"Salone del Vermouth","article_publisher":"https:\/\/www.facebook.com\/salonedelvermouth","article_modified_time":"2026-02-12T14:12:42+00:00","og_image":[{"width":1920,"height":952,"url":"https:\/\/salonedelvermouth.com\/wp-content\/uploads\/2024\/02\/piazza-castello-torino.webp","type":"image\/webp"}],"twitter_card":"summary_large_image","twitter_misc":{"Estimated reading time":"2 minutes"},"schema":{"@context":"https:\/\/schema.org","@graph":[{"@type":"WebPage","@id":"https:\/\/salonedelvermouth.com\/somewhere-torino\/","url":"https:\/\/salonedelvermouth.com\/somewhere-torino\/","name":"Somewhere Torino - Fuori Salone del Vermouth","isPartOf":{"@id":"https:\/\/salonedelvermouth.com\/#website"},"primaryImageOfPage":{"@id":"https:\/\/salonedelvermouth.com\/somewhere-torino\/#primaryimage"},"image":{"@id":"https:\/\/salonedelvermouth.com\/somewhere-torino\/#primaryimage"},"thumbnailUrl":"https:\/\/salonedelvermouth.com\/wp-content\/uploads\/2024\/02\/piazza-castello-torino.webp","datePublished":"2024-01-12T15:34:35+00:00","dateModified":"2026-02-12T14:12:42+00:00","description":"A cultural association dedicated to reading and its lovers, the Circolo dei lettori is a cultural reference point in Turin.","breadcrumb":{"@id":"https:\/\/salonedelvermouth.com\/somewhere-torino\/#breadcrumb"},"inLanguage":"en-GB","potentialAction":[{"@type":"ReadAction","target":["https:\/\/salonedelvermouth.com\/somewhere-torino\/"]}]},{"@type":"ImageObject","inLanguage":"en-GB","@id":"https:\/\/salonedelvermouth.com\/somewhere-torino\/#primaryimage","url":"https:\/\/salonedelvermouth.com\/wp-content\/uploads\/2024\/02\/piazza-castello-torino.webp","contentUrl":"https:\/\/salonedelvermouth.com\/wp-content\/uploads\/2024\/02\/piazza-castello-torino.webp","width":1920,"height":952,"caption":"Piazza Castello Torino"},{"@type":"BreadcrumbList","@id":"https:\/\/salonedelvermouth.com\/somewhere-torino\/#breadcrumb","itemListElement":[{"@type":"ListItem","position":1,"name":"Home","item":"https:\/\/salonedelvermouth.com\/"},{"@type":"ListItem","position":2,"name":"Somewhere Torino"}]},{"@type":"WebSite","@id":"https:\/\/salonedelvermouth.com\/#website","url":"https:\/\/salonedelvermouth.com\/","name":"Vermouth Show","description":"The first widespread event dedicated entirely to vermouth","publisher":{"@id":"https:\/\/salonedelvermouth.com\/#organization"},"potentialAction":[{"@type":"SearchAction","target":{"@type":"EntryPoint","urlTemplate":"https:\/\/salonedelvermouth.com\/?s={search_term_string}"},"query-input":{"@type":"PropertyValueSpecification","valueRequired":true,"valueName":"search_term_string"}}],"inLanguage":"en-GB"},{"@type":"Organization","@id":"https:\/\/salonedelvermouth.com\/#organization","name":"February 24 - 25, 2024","url":"https:\/\/salonedelvermouth.com\/","logo":{"@type":"ImageObject","inLanguage":"en-GB","@id":"https:\/\/salonedelvermouth.com\/#\/schema\/logo\/image\/","url":"https:\/\/salonedelvermouth.com\/wp-content\/uploads\/2023\/12\/logo_salone-vermouth.png","contentUrl":"https:\/\/salonedelvermouth.com\/wp-content\/uploads\/2023\/12\/logo_salone-vermouth.png","width":512,"height":450,"caption":"24 - 25 febbraio 2024"},"image":{"@id":"https:\/\/salonedelvermouth.com\/#\/schema\/logo\/image\/"},"sameAs":["https:\/\/www.facebook.com\/salonedelvermouth","https:\/\/www.instagram.com\/salonedelvermouth\/"]}]}},"_links":{"self":[{"href":"https:\/\/salonedelvermouth.com\/en\/wp-json\/wp\/v2\/pages\/1381","targetHints":{"allow":["GET"]}}],"collection":[{"href":"https:\/\/salonedelvermouth.com\/en\/wp-json\/wp\/v2\/pages"}],"about":[{"href":"https:\/\/salonedelvermouth.com\/en\/wp-json\/wp\/v2\/types\/page"}],"author":[{"embeddable":true,"href":"https:\/\/salonedelvermouth.com\/en\/wp-json\/wp\/v2\/users\/1"}],"replies":[{"embeddable":true,"href":"https:\/\/salonedelvermouth.com\/en\/wp-json\/wp\/v2\/comments?post=1381"}],"version-history":[{"count":56,"href":"https:\/\/salonedelvermouth.com\/en\/wp-json\/wp\/v2\/pages\/1381\/revisions"}],"predecessor-version":[{"id":6597,"href":"https:\/\/salonedelvermouth.com\/en\/wp-json\/wp\/v2\/pages\/1381\/revisions\/6597"}],"wp:featuredmedia":[{"embeddable":true,"href":"https:\/\/salonedelvermouth.com\/en\/wp-json\/wp\/v2\/media\/2672"}],"wp:attachment":[{"href":"https:\/\/salonedelvermouth.com\/en\/wp-json\/wp\/v2\/media?parent=1381"}],"curies":[{"name":"wp","href":"https:\/\/api.w.org\/{rel}","templated":true}]}}